{"id":3,"date":"2024-03-05T01:58:27","date_gmt":"2024-03-05T01:58:27","guid":{"rendered":"https:\/\/demo.bravisthemes.com\/americ\/?page_id=3"},"modified":"2025-11-30T13:52:28","modified_gmt":"2025-11-30T12:52:28","slug":"privacy-policy","status":"publish","type":"page","link":"https:\/\/nunzioalfonso.it\/en\/privacy-policy\/","title":{"rendered":"Privacy Policy"},"content":{"rendered":"<div data-elementor-type=\"wp-page\" data-elementor-id=\"3\" class=\"elementor elementor-3\">\n\t\t\t\t<div class=\"elementor-element elementor-element-3d1ff2ed e-flex e-con-boxed e-con e-parent\" data-id=\"3d1ff2ed\" data-element_type=\"container\" data-e-type=\"container\">\t\t\t<div class=\"e-con-inner\">\r\n\t\t\t\t<div class=\"elementor-element elementor-element-5471490c elementor-widget elementor-widget-text-editor\" data-id=\"5471490c\" data-element_type=\"widget\" data-e-type=\"widget\" data-widget_type=\"text-editor.default\">\n\t\t\t\t<div class=\"elementor-widget-container\">\n\t\t\t\t\t\t\t\t\t\n<div class=\"elementor-element elementor-element-48404c74 elementor-widget elementor-widget-text-editor\" data-id=\"48404c74\" data-element_type=\"widget\" data-widget_type=\"text-editor.default\">\n<div class=\"elementor-widget-container\">\n<p><em>La presente Privacy Policy ha lo scopo di descrivere le informazioni che <b>Nunzio Alfonso Srl <\/b>raccoglie attraverso Il suo sito nunzioalfonso.it in riferimento al trattamento dei dati personali dei visitatori\/utenti che lo consultano. Nelle nostro sito non richiediamo o memorizziamo alcuna informazione personale, tuttavia possiamo utilizzare plugin di terze parti per raccogliere informazioni statistiche anonime sull\u2019utilizzo dell\u2019app. Tali dati vengono utilizzati esclusivamente per il progetto in questione e non sono conservati per fini terzi se non esplicitamente indicato. Garantiamo la tutela e la riservatezza dei dati riguardanti la posizione degli utenti.<\/em><\/p>\n<\/div>\n<\/div>\t\t\t\t\t\t\t\t<\/div>\n\t\t\t\t<\/div>\n\t\t\t\t<div class=\"elementor-element elementor-element-332d727 elementor-widget elementor-widget-pxl_accordion\" data-id=\"332d727\" data-element_type=\"widget\" data-e-type=\"widget\" data-widget_type=\"pxl_accordion.default\">\n\t\t\t\t<div class=\"elementor-widget-container\">\n\t\t\t\t\t    <div class=\"pxl-accordion pxl-accordion1 style1\" data-wow-delay=\"ms\">\r\n                    <div class=\"pxl--item active\">\r\n                <h5 class=\"pxl-item--title wp-block-heading\" data-target=\"#pxl_accordion-332d727-1651-00b7dde\">\r\n                    <div class=\"pxl-content\">\r\n                        <span class=\"pxl-title--text\">INFORMATIVA SUL TRATTAMENTO DEI DATI PERSONALI AI SENSI DEL REGOLAMENTO UE 679\/2016<\/span>\r\n                    <\/div>\r\n                    <div class=\"pxl-icon\">\r\n                         <i class=\"pxl-icon--plus\"><\/i>\r\n                    <\/div>\r\n                <\/h5>\r\n                <div id=\"pxl_accordion-332d727-1651-00b7dde\" class=\"pxl-item--content\" style=\"display: block;\">La informiamo, ai sensi dell\u2019art. 13 del Regolamento UE 679\/2016, che la nostra societ\u00e0 proceder\u00e0 al trattamento dei dati personali da Lei forniti nel rispetto della normativa in materia di tutela del trattamento dei dati personali e nel rispetto degli obblighi e delle garanzie delle norme di legge, contrattuali e regolamentari. I dati personali (Nome, Cognome, indirizzo Email, \u2026) da Lei forniti attraverso l\u2019utilizzo del sito, ad esempio attraverso l\u2019invio spontaneo di una richiesta tramite Email ad uno degli indirizzi presenti del sito, sono raccolti per esclusiva finalit\u00e0 di soddisfare le sue richieste. Il titolare del trattamento \u00e8 Nunzio Alfonso Srl , gestore del sito web nunzioalfonso.it con sede in Zona Industriale A.S.I. Giammoro, s.n.<br \/>\nPace del Mela (ME) 98042 Italia - Tel. (+39) 349 5897 976 - P. IVA: 03655770836. Gli utenti\/visitatori hanno il diritto di accedere in ogni momento ai dati che li riguardano e di esercitare gli altri diritti previsti (es. chiedere l\u2019origine dei dati, la rettifica dei dati inesatti o incompleti, la limitazione del trattamento, la cancellazione o l\u2019oblio, la portabilit\u00e0 dei dati, nonch\u00e9 opporsi al loro utilizzo per motivi legittimi). L\u2019interessato potr\u00e0 in qualsiasi momento esercitare i diritti previsti dal Regolamento UE. Per esercitare i diritti previsti dal Regolamento UE (art. 15 Diritto di accesso; art.16 Rettifica; art. 17 Cancellazione) dovr\u00e0 scrivere al seguente indirizzo Email: info@nunzioalfonso.it o telefonando al numero Tel. (+39) 349 5897 976<\/div>\r\n            <\/div>\r\n                    <div class=\"pxl--item\">\r\n                <h5 class=\"pxl-item--title\" data-target=\"#pxl_accordion-332d727-1651-45cc39d\">\r\n                    <div class=\"pxl-content\">\r\n                        <span class=\"pxl-title--text\">INFORMATIVA SULL\u2019UTILIZZO DEI COOKIE IN QUESTO SITO<\/span>\r\n                    <\/div>\r\n                    <div class=\"pxl-icon\">\r\n                         <i class=\"pxl-icon--plus\"><\/i>\r\n                    <\/div>\r\n                <\/h5>\r\n                <div id=\"pxl_accordion-332d727-1651-45cc39d\" class=\"pxl-item--content\" >Questa \u00e8 l\u2019informativa sull\u2019impiego dei cookie in attuazione del provvedimento del Garante per la protezione dei dati personali dell\u20198 maggio 2014 \u201cIndividuazione delle modalit\u00e0 semplificate per l\u2019informativa e l\u2019acquisizione del consenso per l\u2019uso dei cookie\u201d e nel rispetto dell\u2019art. 13 del Codice privacy (D.Lgs. n. 196\/2003). L\u2019informativa predisposta \u00e8 aggiornata da Nunzio Alfonso Srl, gestore del sito web nunzioalfonso.it e titolare del trattamento di dati personali a esso connesso, con sede in Zona Industriale A.S.I. Giammoro, s.n.<br \/>\nPace del Mela (ME) 98042 Italia - Tel. (+39) 349 5897 976. Qualsiasi ulteriore richiesta sull\u2019utilizzo dei cookie nel presente sito web pu\u00f2 essere inviata all\u2019 indirizzo Email info@nunzioalfonso.it. Questo sito web utilizza dei cookie tecnici per fornire all\u2019utente una navigazione funzionale e quindi pienamente godibile e cookie analitici di terze parti per monitorare l\u2019andamento delle visite al sito stesso, in nessun caso si utilizzano cookie che possano profilare gli utenti ed i dati eventualmente registrati (come quelli per accedere ad aree riservate o funzionalit\u00e0 accessorie) non vengono divulgati, comunicati o diffusi in nessuna maniera, ma sono impiegati esclusivamente dal gestore del sito web.<\/div>\r\n            <\/div>\r\n                    <div class=\"pxl--item\">\r\n                <h5 class=\"pxl-item--title\" data-target=\"#pxl_accordion-332d727-1651-10e5c38\">\r\n                    <div class=\"pxl-content\">\r\n                        <span class=\"pxl-title--text\">I COOKIE, COSA SONO E DI QUALI TIPOLOGIE ESISTONO<\/span>\r\n                    <\/div>\r\n                    <div class=\"pxl-icon\">\r\n                         <i class=\"pxl-icon--plus\"><\/i>\r\n                    <\/div>\r\n                <\/h5>\r\n                <div id=\"pxl_accordion-332d727-1651-10e5c38\" class=\"pxl-item--content\" >I cookie sono piccole stringhe di testo che i siti internet scambiano con i dispositivi utilizzati per la navigazione per memorizzare alcuni dati da riutilizzare in seguito. Le informazioni ricavate dai cookie come anche le modalit\u00e0 e le finalit\u00e0 del loro utilizzo possono essere di diverso genere, ecco perch\u00e9 esistono diverse tipologie di cookie. Perch\u00e9 vengono memorizzati questi dati durante la navigazione? Semplicemente per rendere migliore l\u2019esperienza di navigazione dell\u2019utente. Infatti vi sono cookie necessari per visualizzare le pagine del sito in maniera corretta o per usufruire di tutte le funzionalit\u00e0 da questo offerte o per avere accesso ad alcune aree riservate. In questa famiglia rientrano i cosiddetti cookie tecnici perch\u00e9 strettamente legati al corretto funzionamento tecnico del sito stesso, un esempio pratico molto diffuso pu\u00f2 essere quello di un cookie che registri la lingua preferita dall\u2019utente all\u2019interno di un sito tradotto in diversi lingue. Un\u2019altra finalit\u00e0 molto diffusa \u00e8 quella legata alla profilazione dell\u2019utente, una pratica con la quale \u00e8 possibile fornire contenuti in base ai gusti espressi dall\u2019utente tramite le sue ricerche in rete, la sua navigazione precedente o pi\u00f9 semplicemente grazie al suo profilo. In questa categoria rientrano i cookie di profilazione con i quali l\u2019esperienza web degli utenti si arricchisce di contenuti o annunci pertinenti ai loro gusti. I cookie quindi sono stringhe informatiche che memorizzano dei dati acquisiti durante la navigazione di un sito internet, ma per quanto tempo questi vengono tenuti in memoria? Le informazioni registrate dai cookie durano un certo periodo di tempo scaduto il quale vengono cancellate. Esistono cookie dalla durata molto limitata, come i cookie di sessione che spariscono alla chiusura della navigazione, ed altri che rimangono attivi pi\u00f9 a lungo ma comunque per un tempo prefissato \u00e8 il caso dei cookie persistenti. Chi utilizza le informazioni contenute nei cookie? I dati registrati dai cookie possono essere utilizzati direttamente dal gestore del sito web ed in questo caso si parla di cookie di prima parte cos\u00ec come esistono cookie che seppure generati da un sito web vengono poi utilizzati da altri, questi sono chiamati cookie di terza parte. Un tipico esempio assai diffuso \u00e8 fornito dai cookie analatici di Google, uno strumento in grado di aggregare anonimamente i dati di navigazione.<\/div>\r\n            <\/div>\r\n                    <div class=\"pxl--item\">\r\n                <h5 class=\"pxl-item--title\" data-target=\"#pxl_accordion-332d727-1651-d3a5d5c\">\r\n                    <div class=\"pxl-content\">\r\n                        <span class=\"pxl-title--text\">I COOKIE PRESENTI SU QUESTO SITO E GOOGLE ANALYTICS<\/span>\r\n                    <\/div>\r\n                    <div class=\"pxl-icon\">\r\n                         <i class=\"pxl-icon--plus\"><\/i>\r\n                    <\/div>\r\n                <\/h5>\r\n                <div id=\"pxl_accordion-332d727-1651-d3a5d5c\" class=\"pxl-item--content\" >Come dichiarato in precedenza questo sito utilizza esclusivamente cookie tecnici e gli analytics di Google per rendere la navigazione funzionale e piacevole, non utilizza invece alcun cookie di profilazione. Se i cookie tecnici servono al perfetto funzionamento del sito, i cookie di Google Analytics sono impiegati per capire quali contenuti e funzionalit\u00e0 del sito sono maggiormente apprezzati e visitati grazie ad un\u2019analisi anonima e aggregata fornita da una terza parte, ossia Google Analytics stessa. Per maggiori informazioni \u00e8 possibile consultare l\u2019informativa fornita da Google al seguente indirizzo: http:\/\/www.google.it\/policies\/privacy\/partners\/ E\u2019 possibile impedire a Google Analytics di utilizzare i dati raccolti navigando nella modalit\u00e0 anonima (Do Not Track) offerta dal tuo browser. Qui di seguito proponiamo un\u2019elenco dei browser pi\u00f9 utilizzati, cliccando sui loro nomi \u00e8 possibile scoprire come attivare questa modalit\u00e0 per il browser corrispondente: Internet Explorer, Google Chrome, Mozilla Firefox, Apple Safari.<\/div>\r\n            <\/div>\r\n            <\/div>\r\n\t\t\t\t<\/div>\n\t\t\t\t<\/div>\n\t\t\t\t\t<\/div>\r\n\t\t\t\t<\/div>\r\n\t\t<div class=\"elementor-element elementor-element-c3fd0ef e-flex e-con-boxed e-con e-parent\" data-id=\"c3fd0ef\" data-element_type=\"container\" data-e-type=\"container\">\t\t\t<div class=\"e-con-inner\">\r\n\t\t<div class=\"elementor-element elementor-element-99a5c24 e-con-full e-flex e-con e-child\" data-id=\"99a5c24\" data-element_type=\"container\" data-e-type=\"container\">\t\t<div class=\"elementor-element elementor-element-d731cfc elementor-view-stacked elementor-shape-circle elementor-position-block-start elementor-mobile-position-block-start elementor-widget elementor-widget-icon-box\" data-id=\"d731cfc\" data-element_type=\"widget\" data-e-type=\"widget\" data-widget_type=\"icon-box.default\">\n\t\t\t\t<div class=\"elementor-widget-container\">\n\t\t\t\t\t\t\t<div class=\"elementor-icon-box-wrapper\">\n\n\t\t\t\t\t\t<div class=\"elementor-icon-box-icon\">\n\t\t\t\t<a href=\"tel:+393495897976\" class=\"elementor-icon\" tabindex=\"-1\" aria-label=\"Contatti\">\n\t\t\t\t<i aria-hidden=\"true\" class=\"fas fa-phone-alt\"><\/i>\t\t\t\t<\/a>\n\t\t\t<\/div>\n\t\t\t\n\t\t\t\t\t\t<div class=\"elementor-icon-box-content\">\n\n\t\t\t\t\t\t\t\t\t<h3 class=\"elementor-icon-box-title\">\n\t\t\t\t\t\t<a href=\"tel:+393495897976\" >\n\t\t\t\t\t\t\tContatti\t\t\t\t\t\t<\/a>\n\t\t\t\t\t<\/h3>\n\t\t\t\t\n\t\t\t\t\t\t\t\t\t<p class=\"elementor-icon-box-description\">\n\t\t\t\t\t\t+39 349 5897 976\t\t\t\t\t<\/p>\n\t\t\t\t\n\t\t\t<\/div>\n\t\t\t\n\t\t<\/div>\n\t\t\t\t\t\t<\/div>\n\t\t\t\t<\/div>\n\t\t\t\t<\/div>\r\n\t\t<div class=\"elementor-element elementor-element-e1d9ed7 e-con-full e-flex e-con e-child\" data-id=\"e1d9ed7\" data-element_type=\"container\" data-e-type=\"container\">\t\t<div class=\"elementor-element elementor-element-cc03948 elementor-view-stacked elementor-shape-circle elementor-position-block-start elementor-mobile-position-block-start elementor-widget elementor-widget-icon-box\" data-id=\"cc03948\" data-element_type=\"widget\" data-e-type=\"widget\" data-widget_type=\"icon-box.default\">\n\t\t\t\t<div class=\"elementor-widget-container\">\n\t\t\t\t\t\t\t<div class=\"elementor-icon-box-wrapper\">\n\n\t\t\t\t\t\t<div class=\"elementor-icon-box-icon\">\n\t\t\t\t<a href=\"mailto:info@nunzioalfonso.it\" class=\"elementor-icon\" tabindex=\"-1\" aria-label=\"Ti serve aiuto?\">\n\t\t\t\t<i aria-hidden=\"true\" class=\"fas fa-info\"><\/i>\t\t\t\t<\/a>\n\t\t\t<\/div>\n\t\t\t\n\t\t\t\t\t\t<div class=\"elementor-icon-box-content\">\n\n\t\t\t\t\t\t\t\t\t<h3 class=\"elementor-icon-box-title\">\n\t\t\t\t\t\t<a href=\"mailto:info@nunzioalfonso.it\" >\n\t\t\t\t\t\t\tTi serve aiuto?\t\t\t\t\t\t<\/a>\n\t\t\t\t\t<\/h3>\n\t\t\t\t\n\t\t\t\t\t\t\t\t\t<p class=\"elementor-icon-box-description\">\n\t\t\t\t\t\tinfo@nunzioalfonso.it\t\t\t\t\t<\/p>\n\t\t\t\t\n\t\t\t<\/div>\n\t\t\t\n\t\t<\/div>\n\t\t\t\t\t\t<\/div>\n\t\t\t\t<\/div>\n\t\t\t\t<\/div>\r\n\t\t<div class=\"elementor-element elementor-element-8da8c9e e-con-full e-flex e-con e-child\" data-id=\"8da8c9e\" data-element_type=\"container\" data-e-type=\"container\">\t\t<div class=\"elementor-element elementor-element-adb6be2 elementor-view-stacked elementor-shape-circle elementor-position-block-start elementor-mobile-position-block-start elementor-widget elementor-widget-icon-box\" data-id=\"adb6be2\" data-element_type=\"widget\" data-e-type=\"widget\" data-widget_type=\"icon-box.default\">\n\t\t\t\t<div class=\"elementor-widget-container\">\n\t\t\t\t\t\t\t<div class=\"elementor-icon-box-wrapper\">\n\n\t\t\t\t\t\t<div class=\"elementor-icon-box-icon\">\n\t\t\t\t<a href=\"mailto:info@nunzioalfonso.it\" class=\"elementor-icon\" tabindex=\"-1\" aria-label=\"Orario di lavoro\">\n\t\t\t\t<i aria-hidden=\"true\" class=\"fas fa-business-time\"><\/i>\t\t\t\t<\/a>\n\t\t\t<\/div>\n\t\t\t\n\t\t\t\t\t\t<div class=\"elementor-icon-box-content\">\n\n\t\t\t\t\t\t\t\t\t<h3 class=\"elementor-icon-box-title\">\n\t\t\t\t\t\t<a href=\"mailto:info@nunzioalfonso.it\" >\n\t\t\t\t\t\t\tOrario di lavoro\t\t\t\t\t\t<\/a>\n\t\t\t\t\t<\/h3>\n\t\t\t\t\n\t\t\t\t\t\t\t\t\t<p class=\"elementor-icon-box-description\">\n\t\t\t\t\t\tDa Luned\u00ec a Sabato: 09:00 - 13:00 | 15:00 - 18:00\t\t\t\t\t<\/p>\n\t\t\t\t\n\t\t\t<\/div>\n\t\t\t\n\t\t<\/div>\n\t\t\t\t\t\t<\/div>\n\t\t\t\t<\/div>\n\t\t\t\t<\/div>\r\n\t\t\t\t\t<\/div>\r\n\t\t\t\t<\/div>\r\n\t\t\t\t<\/div>","protected":false},"excerpt":{"rendered":"<p>La presente Privacy Policy ha lo scopo di descrivere le informazioni che Nunzio Alfonso Srl raccoglie attraverso Il suo sito nunzioalfonso.it in riferimento al trattamento dei dati personali dei visitatori\/utenti che lo consultano. Nelle nostro sito non richiediamo o memorizziamo alcuna informazione personale, tuttavia possiamo utilizzare plugin di terze parti per raccogliere informazioni statistiche anonime [&hellip;]<\/p>\n","protected":false},"author":1,"featured_media":0,"parent":0,"menu_order":0,"comment_status":"closed","ping_status":"open","template":"","meta":{"footnotes":""},"class_list":["post-3","page","type-page","status-publish","hentry"],"yoast_head":"<!-- This site is optimized with the Yoast SEO plugin v27.3 - https:\/\/yoast.com\/product\/yoast-seo-wordpress\/ -->\n<title>Privacy Policy - nunzioalfonso.it<\/title>\n<meta name=\"description\" content=\"Informativa sulla privacy ai sensi del GDPR. Scopri come Nunzio Alfonso Srl raccoglie, protegge e gestisce i tuoi dati personali e quali sono i tuoi diritti.\" \/>\n<meta name=\"robots\" content=\"index, follow, max-snippet:-1, max-image-preview:large, max-video-preview:-1\" \/>\n<link rel=\"canonical\" href=\"https:\/\/nunzioalfonso.it\/en\/privacy-policy\/\" \/>\n<meta property=\"og:locale\" content=\"en_GB\" \/>\n<meta property=\"og:type\" content=\"article\" \/>\n<meta property=\"og:title\" content=\"Privacy Policy - nunzioalfonso.it\" \/>\n<meta property=\"og:description\" content=\"Informativa sulla privacy ai sensi del GDPR. Scopri come Nunzio Alfonso Srl raccoglie, protegge e gestisce i tuoi dati personali e quali sono i tuoi diritti.\" \/>\n<meta property=\"og:url\" content=\"https:\/\/nunzioalfonso.it\/en\/privacy-policy\/\" \/>\n<meta property=\"og:site_name\" content=\"nunzioalfonso.it\" \/>\n<meta property=\"article:modified_time\" content=\"2025-11-30T12:52:28+00:00\" \/>\n<meta property=\"og:image\" content=\"https:\/\/nunzioalfonso.it\/wp-content\/uploads\/2025\/07\/nunziaalfonso_social-e1760637721719.jpg\" \/>\n\t<meta property=\"og:image:width\" content=\"1200\" \/>\n\t<meta property=\"og:image:height\" content=\"675\" \/>\n\t<meta property=\"og:image:type\" content=\"image\/jpeg\" \/>\n<meta name=\"twitter:card\" content=\"summary_large_image\" \/>\n<meta name=\"twitter:label1\" content=\"Estimated reading time\" \/>\n\t<meta name=\"twitter:data1\" content=\"6 minutes\" \/>\n<script type=\"application\/ld+json\" class=\"yoast-schema-graph\">{\"@context\":\"https:\\\/\\\/schema.org\",\"@graph\":[{\"@type\":\"WebPage\",\"@id\":\"https:\\\/\\\/nunzioalfonso.it\\\/privacy-policy\\\/\",\"url\":\"https:\\\/\\\/nunzioalfonso.it\\\/privacy-policy\\\/\",\"name\":\"Privacy Policy - nunzioalfonso.it\",\"isPartOf\":{\"@id\":\"https:\\\/\\\/nunzioalfonso.it\\\/#website\"},\"datePublished\":\"2024-03-05T01:58:27+00:00\",\"dateModified\":\"2025-11-30T12:52:28+00:00\",\"description\":\"Informativa sulla privacy ai sensi del GDPR. Scopri come Nunzio Alfonso Srl raccoglie, protegge e gestisce i tuoi dati personali e quali sono i tuoi diritti.\",\"breadcrumb\":{\"@id\":\"https:\\\/\\\/nunzioalfonso.it\\\/privacy-policy\\\/#breadcrumb\"},\"inLanguage\":\"en-GB\",\"potentialAction\":[{\"@type\":\"ReadAction\",\"target\":[\"https:\\\/\\\/nunzioalfonso.it\\\/privacy-policy\\\/\"]}]},{\"@type\":\"BreadcrumbList\",\"@id\":\"https:\\\/\\\/nunzioalfonso.it\\\/privacy-policy\\\/#breadcrumb\",\"itemListElement\":[{\"@type\":\"ListItem\",\"position\":1,\"name\":\"Home\",\"item\":\"https:\\\/\\\/nunzioalfonso.it\\\/\"},{\"@type\":\"ListItem\",\"position\":2,\"name\":\"Privacy Policy\"}]},{\"@type\":\"WebSite\",\"@id\":\"https:\\\/\\\/nunzioalfonso.it\\\/#website\",\"url\":\"https:\\\/\\\/nunzioalfonso.it\\\/\",\"name\":\"nunzioalfonso.it\",\"description\":\"Un partner unico per industria e artigianato\",\"publisher\":{\"@id\":\"https:\\\/\\\/nunzioalfonso.it\\\/#organization\"},\"potentialAction\":[{\"@type\":\"SearchAction\",\"target\":{\"@type\":\"EntryPoint\",\"urlTemplate\":\"https:\\\/\\\/nunzioalfonso.it\\\/?s={search_term_string}\"},\"query-input\":{\"@type\":\"PropertyValueSpecification\",\"valueRequired\":true,\"valueName\":\"search_term_string\"}}],\"inLanguage\":\"en-GB\"},{\"@type\":\"Organization\",\"@id\":\"https:\\\/\\\/nunzioalfonso.it\\\/#organization\",\"name\":\"Nunzio Alfonso Srl\",\"url\":\"https:\\\/\\\/nunzioalfonso.it\\\/\",\"logo\":{\"@type\":\"ImageObject\",\"inLanguage\":\"en-GB\",\"@id\":\"https:\\\/\\\/nunzioalfonso.it\\\/#\\\/schema\\\/logo\\\/image\\\/\",\"url\":\"https:\\\/\\\/nunzioalfonso.it\\\/wp-content\\\/uploads\\\/2025\\\/07\\\/cropped-icona-na-512-new-1.png\",\"contentUrl\":\"https:\\\/\\\/nunzioalfonso.it\\\/wp-content\\\/uploads\\\/2025\\\/07\\\/cropped-icona-na-512-new-1.png\",\"width\":512,\"height\":512,\"caption\":\"Nunzio Alfonso Srl\"},\"image\":{\"@id\":\"https:\\\/\\\/nunzioalfonso.it\\\/#\\\/schema\\\/logo\\\/image\\\/\"}}]}<\/script>\n<!-- \/ Yoast SEO plugin. -->","yoast_head_json":{"title":"Privacy Policy - nunzioalfonso.it","description":"Informativa sulla privacy ai sensi del GDPR. Scopri come Nunzio Alfonso Srl raccoglie, protegge e gestisce i tuoi dati personali e quali sono i tuoi diritti.","robots":{"index":"index","follow":"follow","max-snippet":"max-snippet:-1","max-image-preview":"max-image-preview:large","max-video-preview":"max-video-preview:-1"},"canonical":"https:\/\/nunzioalfonso.it\/en\/privacy-policy\/","og_locale":"en_GB","og_type":"article","og_title":"Privacy Policy - nunzioalfonso.it","og_description":"Informativa sulla privacy ai sensi del GDPR. Scopri come Nunzio Alfonso Srl raccoglie, protegge e gestisce i tuoi dati personali e quali sono i tuoi diritti.","og_url":"https:\/\/nunzioalfonso.it\/en\/privacy-policy\/","og_site_name":"nunzioalfonso.it","article_modified_time":"2025-11-30T12:52:28+00:00","og_image":[{"width":1200,"height":675,"url":"https:\/\/nunzioalfonso.it\/wp-content\/uploads\/2025\/07\/nunziaalfonso_social-e1760637721719.jpg","type":"image\/jpeg"}],"twitter_card":"summary_large_image","twitter_misc":{"Estimated reading time":"6 minutes"},"schema":{"@context":"https:\/\/schema.org","@graph":[{"@type":"WebPage","@id":"https:\/\/nunzioalfonso.it\/privacy-policy\/","url":"https:\/\/nunzioalfonso.it\/privacy-policy\/","name":"Privacy Policy - nunzioalfonso.it","isPartOf":{"@id":"https:\/\/nunzioalfonso.it\/#website"},"datePublished":"2024-03-05T01:58:27+00:00","dateModified":"2025-11-30T12:52:28+00:00","description":"Informativa sulla privacy ai sensi del GDPR. Scopri come Nunzio Alfonso Srl raccoglie, protegge e gestisce i tuoi dati personali e quali sono i tuoi diritti.","breadcrumb":{"@id":"https:\/\/nunzioalfonso.it\/privacy-policy\/#breadcrumb"},"inLanguage":"en-GB","potentialAction":[{"@type":"ReadAction","target":["https:\/\/nunzioalfonso.it\/privacy-policy\/"]}]},{"@type":"BreadcrumbList","@id":"https:\/\/nunzioalfonso.it\/privacy-policy\/#breadcrumb","itemListElement":[{"@type":"ListItem","position":1,"name":"Home","item":"https:\/\/nunzioalfonso.it\/"},{"@type":"ListItem","position":2,"name":"Privacy Policy"}]},{"@type":"WebSite","@id":"https:\/\/nunzioalfonso.it\/#website","url":"https:\/\/nunzioalfonso.it\/","name":"nunzioalfonso.it","description":"Un partner unico per industria e artigianato","publisher":{"@id":"https:\/\/nunzioalfonso.it\/#organization"},"potentialAction":[{"@type":"SearchAction","target":{"@type":"EntryPoint","urlTemplate":"https:\/\/nunzioalfonso.it\/?s={search_term_string}"},"query-input":{"@type":"PropertyValueSpecification","valueRequired":true,"valueName":"search_term_string"}}],"inLanguage":"en-GB"},{"@type":"Organization","@id":"https:\/\/nunzioalfonso.it\/#organization","name":"Nunzio Alfonso Srl","url":"https:\/\/nunzioalfonso.it\/","logo":{"@type":"ImageObject","inLanguage":"en-GB","@id":"https:\/\/nunzioalfonso.it\/#\/schema\/logo\/image\/","url":"https:\/\/nunzioalfonso.it\/wp-content\/uploads\/2025\/07\/cropped-icona-na-512-new-1.png","contentUrl":"https:\/\/nunzioalfonso.it\/wp-content\/uploads\/2025\/07\/cropped-icona-na-512-new-1.png","width":512,"height":512,"caption":"Nunzio Alfonso Srl"},"image":{"@id":"https:\/\/nunzioalfonso.it\/#\/schema\/logo\/image\/"}}]}},"_links":{"self":[{"href":"https:\/\/nunzioalfonso.it\/en\/wp-json\/wp\/v2\/pages\/3","targetHints":{"allow":["GET"]}}],"collection":[{"href":"https:\/\/nunzioalfonso.it\/en\/wp-json\/wp\/v2\/pages"}],"about":[{"href":"https:\/\/nunzioalfonso.it\/en\/wp-json\/wp\/v2\/types\/page"}],"author":[{"embeddable":true,"href":"https:\/\/nunzioalfonso.it\/en\/wp-json\/wp\/v2\/users\/1"}],"replies":[{"embeddable":true,"href":"https:\/\/nunzioalfonso.it\/en\/wp-json\/wp\/v2\/comments?post=3"}],"version-history":[{"count":5,"href":"https:\/\/nunzioalfonso.it\/en\/wp-json\/wp\/v2\/pages\/3\/revisions"}],"predecessor-version":[{"id":10014,"href":"https:\/\/nunzioalfonso.it\/en\/wp-json\/wp\/v2\/pages\/3\/revisions\/10014"}],"wp:attachment":[{"href":"https:\/\/nunzioalfonso.it\/en\/wp-json\/wp\/v2\/media?parent=3"}],"curies":[{"name":"wp","href":"https:\/\/api.w.org\/{rel}","templated":true}]}}